{"id":28,"date":"2026-03-11T11:14:25","date_gmt":"2026-03-11T11:14:25","guid":{"rendered":"https:\/\/jvlex.com\/services\/"},"modified":"2026-03-11T12:34:58","modified_gmt":"2026-03-11T12:34:58","slug":"services","status":"publish","type":"page","link":"https:\/\/jvlex.com\/en\/services\/","title":{"rendered":"Sh\u00ebrbimet"},"content":{"rendered":"\n<div class=\"wp-block-group alignfull is-style-ext-preset--group--natural-1--section has-background-background-color has-background has-global-padding is-layout-constrained wp-container-core-group-is-layout-e955bbaf wp-block-group-is-layout-constrained\" id=\"services\" style=\"margin-top:0;margin-bottom:0;padding-top:var(--wp--preset--spacing--70);padding-bottom:var(--wp--preset--spacing--70)\">\n<div class=\"wp-block-group alignwide ext-is-logical-start has-global-padding is-content-justification-left is-layout-constrained wp-container-core-group-is-layout-6729bdbe wp-block-group-is-layout-constrained\">\n<h2 class=\"wp-block-heading ext-animate--on\">Sh\u00ebrbime Ligjore Profesionale t\u00eb P\u00ebrshtatura sipas Nevojave Tuaja<\/h2>\n\n\n\n<p class=\"has-text-align-left ext-animate--on\">Njihuni me sh\u00ebrbimet tona ligjore gjith\u00ebp\u00ebrfshir\u00ebse, t\u00eb dizajnuara p\u00ebr t\u00eb mbrojtur interesat tuaja dhe p\u00ebr t\u00eb ndihmuar n\u00eb realizimin e q\u00ebllimeve tuaja.<\/p>\n<\/div>\n\n\n\n<div class=\"wp-block-columns alignwide is-layout-flex wp-container-core-columns-is-layout-08c01c1c wp-block-columns-is-layout-flex\">\n<div class=\"wp-block-column ext-animate--on is-layout-flow wp-block-column-is-layout-flow\">\n<div class=\"wp-block-group is-style-ext-preset--group--natural-1--item-card-1--align-start has-global-padding is-layout-constrained wp-block-group-is-layout-constrained is-style-ext-preset--group--natural-1--item-card-1--align-start--2\">\n<figure class=\"wp-block-image extendify-image-import\"><img decoding=\"async\" src=\"https:\/\/images.unsplash.com\/photo-1676181739859-08330dea8999?ixid=M3w0MzUxNjF8MHwxfHNlYXJjaHwxOXx8bGF3fGVufDB8fHx8MTc3MzE3NzY3M3ww&amp;ixlib=rb-4.1.0&amp;orientation=landscape?fit=crop&amp;crop=entropy%2Cfaces&amp;auto=format%2Ccompress&amp;w=1280\" alt=\"\" style=\"aspect-ratio:4\/3;object-fit:cover\"\/><\/figure>\n\n\n\n<div class=\"wp-block-group is-style-default has-global-padding is-layout-constrained wp-block-group-is-layout-constrained\">\n<h3 class=\"wp-block-heading\">Ekspertiz\u00eb n\u00eb t\u00eb Drejt\u00ebn Tregtare<\/h3>\n\n\n\n<p>Ofrojm\u00eb k\u00ebshilla strategjike dhe p\u00ebrfaq\u00ebsim ligjor n\u00eb t\u00eb gjitha fushat e s\u00eb drejt\u00ebs tregtare.<\/p>\n<\/div>\n<\/div>\n<\/div>\n\n\n\n<div class=\"wp-block-column ext-animate--on is-layout-flow wp-block-column-is-layout-flow\">\n<div class=\"wp-block-group is-style-ext-preset--group--natural-1--item-card-1--align-start has-global-padding is-layout-constrained wp-block-group-is-layout-constrained is-style-ext-preset--group--natural-1--item-card-1--align-start--3\">\n<figure class=\"wp-block-image extendify-image-import\"><img decoding=\"async\" src=\"https:\/\/images.unsplash.com\/photo-1450101499163-c8848c66ca85?ixid=M3w0MzUxNjF8MHwxfHNlYXJjaHw1fHxsYXd8ZW58MHx8fHwxNzczMTc3NjczfDA&amp;ixlib=rb-4.1.0&amp;orientation=landscape?fit=crop&amp;crop=entropy%2Cfaces&amp;auto=format%2Ccompress&amp;w=1280\" alt=\"\" style=\"aspect-ratio:4\/3;object-fit:cover\"\/><\/figure>\n\n\n\n<div class=\"wp-block-group is-style-default has-global-padding is-layout-constrained wp-block-group-is-layout-constrained\">\n<h3 class=\"wp-block-heading\">Sh\u00ebrbime n\u00eb fush\u00ebn Civile<\/h3>\n\n\n\n<p>P\u00ebrkushtuar zgjidhjes s\u00eb mosmarr\u00ebveshjeve me profesionaliz\u00ebm dhe me v\u00ebmendje p\u00ebr qet\u00ebsin\u00eb tuaj mendore.<\/p>\n<\/div>\n<\/div>\n<\/div>\n\n\n\n<div class=\"wp-block-column ext-animate--on is-layout-flow wp-block-column-is-layout-flow\">\n<div class=\"wp-block-group is-style-ext-preset--group--natural-1--item-card-1--align-start has-global-padding is-layout-constrained wp-block-group-is-layout-constrained is-style-ext-preset--group--natural-1--item-card-1--align-start--4\">\n<figure class=\"wp-block-image extendify-image-import\"><img decoding=\"async\" src=\"https:\/\/images.unsplash.com\/photo-1450101499163-c8848c66ca85?ixid=M3w0MzUxNjF8MHwxfHNlYXJjaHw0fHxsZWdhbHxlbnwwfHx8fDE3NzI5NzE3MjV8MA&amp;ixlib=rb-4.1.0&amp;orientation=landscape?fit=crop&amp;crop=entropy%2Cfaces&amp;auto=format%2Ccompress&amp;w=1280\" alt=\"\" style=\"aspect-ratio:4\/3;object-fit:cover\"\/><\/figure>\n\n\n\n<div class=\"wp-block-group is-style-default has-global-padding is-layout-constrained wp-block-group-is-layout-constrained\">\n<h3 class=\"wp-block-heading\">P\u00ebrkrahja n\u00eb t\u00eb Drejt\u00ebn e Korporatave<\/h3>\n\n\n\n<p>Drejtimi i biznesit tuaj p\u00ebrmes sfidave t\u00eb nd\u00ebrlikuara ligjore me ekspertiz\u00eb t\u00eb besueshme.<\/p>\n<\/div>\n<\/div>\n<\/div>\n<\/div>\n<\/div>\n\n\n\n<div class=\"wp-block-group alignfull is-style-ext-preset--group--natural-1--section has-tertiary-background-color has-background has-global-padding is-layout-constrained wp-container-core-group-is-layout-e955bbaf wp-block-group-is-layout-constrained\" id=\"features\" style=\"margin-top:0;margin-bottom:0;padding-top:var(--wp--preset--spacing--70);padding-bottom:var(--wp--preset--spacing--70)\">\n<h2 class=\"wp-block-heading has-text-align-center ext-animate--on\">Sh\u00ebrbime Ligjore Profesionale n\u00eb t\u00eb Drejt\u00ebn Tregtare t\u00eb P\u00ebrshtatura p\u00ebr Nevojat e Biznesit Tuaj<\/h2>\n\n\n\n<p class=\"has-text-align-center ext-animate--on\" style=\"margin-top:1.5rem\">Zbuloni m\u00ebnyr\u00ebn se si JV LEX bashkon ekspertiz\u00ebn e thell\u00eb ligjore me strategji t\u00eb personalizuara p\u00ebr t\u00eb mbrojtur dhe avancuar interesat tuaja tregtare, civile dhe korporative.<\/p>\n\n\n\n<div class=\"wp-block-columns alignwide is-layout-flex wp-container-core-columns-is-layout-08c01c1c wp-block-columns-is-layout-flex\">\n<div class=\"wp-block-column ext-animate--on is-layout-flow wp-block-column-is-layout-flow\">\n<div class=\"wp-block-group is-style-ext-preset--group--natural-1--item-card-1--align-center has-global-padding is-layout-constrained wp-block-group-is-layout-constrained is-style-ext-preset--group--natural-1--item-card-1--align-center--6\">\n<figure class=\"wp-block-image extendify-image-import\"><img decoding=\"async\" src=\"https:\/\/images.unsplash.com\/photo-1676181739859-08330dea8999?ixid=M3w0MzUxNjF8MHwxfHNlYXJjaHwxOXx8bGF3fGVufDB8fHx8MTc3MzE3NzY3M3ww&amp;ixlib=rb-4.1.0&amp;orientation=landscape?fit=crop&amp;crop=entropy%2Cfaces&amp;auto=format%2Ccompress&amp;w=1280\" alt=\"\" style=\"aspect-ratio:4\/3;object-fit:cover\"\/><\/figure>\n\n\n\n<div class=\"wp-block-group is-style-default has-global-padding is-layout-constrained wp-block-group-is-layout-constrained\">\n<h3 class=\"wp-block-heading has-text-align-center\">Ekspertiz\u00eb Ligjore n\u00eb t\u00eb Drejt\u00ebn Komerciale<\/h3>\n\n\n\n<p class=\"has-text-align-center\">Ofrimi i udh\u00ebzimeve ligjore t\u00eb holl\u00ebsishme p\u00ebr t\u00eb mb\u00ebshtetur transaksionet e biznesit tuaj dhe nevojat e p\u00ebrputhshm\u00ebris\u00eb ligjore.<\/p>\n<\/div>\n<\/div>\n<\/div>\n\n\n\n<div class=\"wp-block-column ext-animate--on is-layout-flow wp-block-column-is-layout-flow\">\n<div class=\"wp-block-group is-style-ext-preset--group--natural-1--item-card-1--align-center has-global-padding is-layout-constrained wp-block-group-is-layout-constrained is-style-ext-preset--group--natural-1--item-card-1--align-center--7\">\n<figure class=\"wp-block-image extendify-image-import\"><img decoding=\"async\" src=\"https:\/\/images.unsplash.com\/photo-1450101499163-c8848c66ca85?ixid=M3w0MzUxNjF8MHwxfHNlYXJjaHw1fHxsYXd8ZW58MHx8fHwxNzczMTc3NjczfDA&amp;ixlib=rb-4.1.0&amp;orientation=landscape?fit=crop&amp;crop=entropy%2Cfaces&amp;auto=format%2Ccompress&amp;w=1280\" alt=\"\" style=\"aspect-ratio:4\/3;object-fit:cover\"\/><\/figure>\n\n\n\n<div class=\"wp-block-group is-style-default has-global-padding is-layout-constrained wp-block-group-is-layout-constrained\">\n<h3 class=\"wp-block-heading has-text-align-center\">Sh\u00ebrbime Mb\u00ebshtet\u00ebse n\u00eb Procedurat Gjyq\u00ebsore Civile<\/h3>\n\n\n\n<p class=\"has-text-align-center\">Ofrimi i p\u00ebrfaq\u00ebsimit t\u00eb p\u00ebrkushtuar p\u00ebr t\u00eb zgjidhur mosmarr\u00ebveshjet n\u00eb m\u00ebnyr\u00eb efikase dhe efektive.<\/p>\n<\/div>\n<\/div>\n<\/div>\n\n\n\n<div class=\"wp-block-column ext-animate--on is-layout-flow wp-block-column-is-layout-flow\">\n<div class=\"wp-block-group is-style-ext-preset--group--natural-1--item-card-1--align-center has-global-padding is-layout-constrained wp-block-group-is-layout-constrained is-style-ext-preset--group--natural-1--item-card-1--align-center--8\">\n<figure class=\"wp-block-image extendify-image-import\"><img decoding=\"async\" src=\"https:\/\/images.unsplash.com\/photo-1450101499163-c8848c66ca85?ixid=M3w0MzUxNjF8MHwxfHNlYXJjaHw0fHxsZWdhbHxlbnwwfHx8fDE3NzI5NzE3MjV8MA&amp;ixlib=rb-4.1.0&amp;orientation=landscape?fit=crop&amp;crop=entropy%2Cfaces&amp;auto=format%2Ccompress&amp;w=1280\" alt=\"\" style=\"aspect-ratio:4\/3;object-fit:cover\"\/><\/figure>\n\n\n\n<div class=\"wp-block-group is-style-default has-global-padding is-layout-constrained wp-block-group-is-layout-constrained\">\n<h3 class=\"wp-block-heading has-text-align-center\">K\u00ebshillim n\u00eb t\u00eb Drejt\u00ebn e  Korporatave<\/h3>\n\n\n\n<p class=\"has-text-align-center\">Sigurojm\u00eb k\u00ebshilla ligjore t\u00eb p\u00ebrshtatura p\u00ebr t\u00eb ndihmuar kompanin\u00eb tuaj t\u00eb p\u00ebrballoj\u00eb me sukses sfidat e mjediseve rregullatore komplekse.<\/p>\n<\/div>\n<\/div>\n<\/div>\n<\/div>\n<\/div>\n\n\n\n<div class=\"wp-block-group alignfull is-style-ext-preset--group--natural-1--section ext-animate--off has-background-background-color has-background has-global-padding is-layout-constrained wp-block-group-is-layout-constrained\" id=\"contact\" style=\"margin-top:0;margin-bottom:0;padding-top:var(--wp--preset--spacing--70);padding-bottom:var(--wp--preset--spacing--70)\">\n<div class=\"wp-block-media-text alignwide has-media-on-the-right is-stacked-on-mobile is-image-fill-element extendify-image-import is-style-ext-preset--media-text--natural-1--card-1 ext-animate--on has-tertiary-background-color has-background is-style-ext-preset--media-text--natural-1--card-1--10\" style=\"grid-template-columns:auto 48%\"><div class=\"wp-block-media-text__content\">\n<div class=\"wp-block-group alignwide ext-animate--off has-global-padding is-layout-constrained wp-container-core-group-is-layout-48493932 wp-block-group-is-layout-constrained\" style=\"padding-top:var(--wp--preset--spacing--55);padding-right:var(--wp--preset--spacing--55);padding-bottom:var(--wp--preset--spacing--55);padding-left:var(--wp--preset--spacing--55)\"><div class=\"wpforms-container wpforms-block wpforms-block-406c62bf-d413-4f54-9e34-6ea96a36e1dd wpforms-render-modern\" id=\"wpforms-23\"><form id=\"wpforms-form-23\" class=\"wpforms-validate wpforms-form wpforms-ajax-form\" data-formid=\"23\" method=\"post\" enctype=\"multipart\/form-data\" action=\"\/en\/wp-json\/wp\/v2\/pages\/28\" data-token=\"e75ea7eeddde2338d4be5dcfce79ceb9\" data-token-time=\"1776812446\"><noscript class=\"wpforms-error-noscript\">Please enable JavaScript in your browser to complete this form.<\/noscript><div id=\"wpforms-error-noscript\" style=\"display: none;\">Please enable JavaScript in your browser to complete this form.<\/div><div class=\"wpforms-field-container\"><div id=\"wpforms-23-field_1-container\" class=\"wpforms-field wpforms-field-name\" data-field-id=\"1\"><label class=\"wpforms-field-label\" for=\"wpforms-23-field_1\">Name <span class=\"wpforms-required-label\" aria-hidden=\"true\">*<\/span><\/label><input type=\"text\" id=\"wpforms-23-field_1\" class=\"wpforms-field-large wpforms-field-required\" name=\"wpforms[fields][1]\" aria-errormessage=\"wpforms-23-field_1-error\" required><\/div>\t\t<div id=\"wpforms-23-field_5-container\"\n\t\t\tclass=\"wpforms-field wpforms-field-text\"\n\t\t\tdata-field-type=\"text\"\n\t\t\tdata-field-id=\"5\"\n\t\t\t>\n\t\t\t<label class=\"wpforms-field-label\" for=\"wpforms-23-field_5\" >Name Message Subject<\/label>\n\t\t\t<input type=\"text\" id=\"wpforms-23-field_5\" class=\"wpforms-field-medium\" name=\"wpforms[fields][5]\" >\n\t\t<\/div>\n\t\t<div id=\"wpforms-23-field_2-container\" class=\"wpforms-field wpforms-field-email\" data-field-id=\"2\"><label class=\"wpforms-field-label\" for=\"wpforms-23-field_2\">Email <span class=\"wpforms-required-label\" aria-hidden=\"true\">*<\/span><\/label><input type=\"email\" id=\"wpforms-23-field_2\" class=\"wpforms-field-large wpforms-field-required\" name=\"wpforms[fields][2]\" spellcheck=\"false\" aria-errormessage=\"wpforms-23-field_2-error\" required><\/div><div id=\"wpforms-23-field_3-container\" class=\"wpforms-field wpforms-field-text\" data-field-id=\"3\"><label class=\"wpforms-field-label\" for=\"wpforms-23-field_3\">Subject<\/label><input type=\"text\" id=\"wpforms-23-field_3\" class=\"wpforms-field-large\" name=\"wpforms[fields][3]\" aria-errormessage=\"wpforms-23-field_3-error\" ><\/div><div id=\"wpforms-23-field_4-container\" class=\"wpforms-field wpforms-field-textarea\" data-field-id=\"4\"><label class=\"wpforms-field-label\" for=\"wpforms-23-field_4\">Message <span class=\"wpforms-required-label\" aria-hidden=\"true\">*<\/span><\/label><textarea id=\"wpforms-23-field_4\" class=\"wpforms-field-large wpforms-field-required\" name=\"wpforms[fields][4]\" aria-errormessage=\"wpforms-23-field_4-error\" required><\/textarea><\/div><script>\n\t\t\t\t( function() {\n\t\t\t\t\tconst style = document.createElement( 'style' );\n\t\t\t\t\tstyle.appendChild( document.createTextNode( '#wpforms-23-field_5-container { position: absolute !important; overflow: hidden !important; display: inline !important; height: 1px !important; width: 1px !important; z-index: -1000 !important; padding: 0 !important; } #wpforms-23-field_5-container input { visibility: hidden; } #wpforms-conversational-form-page #wpforms-23-field_5-container label { counter-increment: none; }' ) );\n\t\t\t\t\tdocument.head.appendChild( style );\n\t\t\t\t\tdocument.currentScript?.remove();\n\t\t\t\t} )();\n\t\t\t<\/script><\/div><!-- .wpforms-field-container --><div class=\"wpforms-submit-container\" ><input type=\"hidden\" name=\"wpforms[id]\" value=\"23\"><input type=\"hidden\" name=\"page_title\" value=\"\"><input type=\"hidden\" name=\"page_url\" value=\"https:\/\/jvlex.com\/en\/wp-json\/wp\/v2\/pages\/28\"><input type=\"hidden\" name=\"url_referer\" value=\"\"><button type=\"submit\" name=\"wpforms[submit]\" id=\"wpforms-submit-23\" class=\"wpforms-submit\" data-alt-text=\"Sending...\" data-submit-text=\"Submit\" aria-live=\"assertive\" value=\"wpforms-submit\">Submit<\/button><img loading=\"lazy\" decoding=\"async\" src=\"https:\/\/jvlex.com\/wp-content\/plugins\/wpforms-lite\/assets\/images\/submit-spin.svg\" class=\"wpforms-submit-spinner\" style=\"display: none;\" width=\"26\" height=\"26\" alt=\"Loading\"><\/div><\/form><\/div>  <!-- .wpforms-container --><\/div>\n<\/div><figure class=\"wp-block-media-text__media\"><img decoding=\"async\" src=\"https:\/\/images.unsplash.com\/photo-1562564055-71e051d33c19?ixid=M3w0MzUxNjF8MHwxfHNlYXJjaHw4fHxsZWdhbHxlbnwwfHx8fDE3NzI5NzE3MjV8MA&amp;ixlib=rb-4.1.0&amp;orientation=landscape?fit=crop&amp;crop=entropy%2Cfaces&amp;auto=format%2Ccompress&amp;w=1280\" alt=\"\" style=\"object-position:50% 50%\"\/><\/figure><\/div>\n<\/div>\n","protected":false},"excerpt":{"rendered":"<p>Sh\u00ebrbime Ligjore Profesionale t\u00eb P\u00ebrshtatura sipas Nevojave Tuaja Njihuni me sh\u00ebrbimet tona ligjore gjith\u00ebp\u00ebrfshir\u00ebse, t\u00eb dizajnuara p\u00ebr t\u00eb mbrojtur interesat tuaja dhe p\u00ebr t\u00eb ndihmuar n\u00eb realizimin e q\u00ebllimeve tuaja. Ekspertiz\u00eb n\u00eb t\u00eb Drejt\u00ebn Tregtare Ofrojm\u00eb k\u00ebshilla strategjike dhe p\u00ebrfaq\u00ebsim ligjor n\u00eb t\u00eb gjitha fushat e s\u00eb drejt\u00ebs tregtare. Sh\u00ebrbime n\u00eb fush\u00ebn Civile P\u00ebrkushtuar zgjidhjes [&hellip;]<\/p>\n","protected":false},"author":1,"featured_media":0,"parent":0,"menu_order":0,"comment_status":"closed","ping_status":"closed","template":"page-with-title","meta":{"_monsterinsights_skip_tracking":false,"_monsterinsights_sitenote_active":false,"_monsterinsights_sitenote_note":"","_monsterinsights_sitenote_category":0,"_uf_show_specific_survey":0,"_uf_disable_surveys":false,"footnotes":""},"class_list":["post-28","page","type-page","status-publish","hentry"],"aioseo_notices":[],"_links":{"self":[{"href":"https:\/\/jvlex.com\/en\/wp-json\/wp\/v2\/pages\/28","targetHints":{"allow":["GET"]}}],"collection":[{"href":"https:\/\/jvlex.com\/en\/wp-json\/wp\/v2\/pages"}],"about":[{"href":"https:\/\/jvlex.com\/en\/wp-json\/wp\/v2\/types\/page"}],"author":[{"embeddable":true,"href":"https:\/\/jvlex.com\/en\/wp-json\/wp\/v2\/users\/1"}],"replies":[{"embeddable":true,"href":"https:\/\/jvlex.com\/en\/wp-json\/wp\/v2\/comments?post=28"}],"version-history":[{"count":2,"href":"https:\/\/jvlex.com\/en\/wp-json\/wp\/v2\/pages\/28\/revisions"}],"predecessor-version":[{"id":66,"href":"https:\/\/jvlex.com\/en\/wp-json\/wp\/v2\/pages\/28\/revisions\/66"}],"wp:attachment":[{"href":"https:\/\/jvlex.com\/en\/wp-json\/wp\/v2\/media?parent=28"}],"curies":[{"name":"wp","href":"https:\/\/api.w.org\/{rel}","templated":true}]}}